{"id":1422,"date":"2021-10-13T17:30:58","date_gmt":"2021-10-13T10:30:58","guid":{"rendered":"https:\/\/htsc.vn\/lien-he\/"},"modified":"2026-01-27T11:04:53","modified_gmt":"2026-01-27T04:04:53","slug":"contact","status":"publish","type":"page","link":"https:\/\/htiservices.vn\/en\/contact\/","title":{"rendered":"Contact"},"content":{"rendered":"<div class=\"wpb-content-wrapper\"><p>[vc_row content_placement=&#8221;middle&#8221; wrap_container=&#8221;yes&#8221; animation_delay=&#8221;100&#8243; el_class=&#8221;gt01&#8243; animation_type=&#8221;fadeIn&#8221;][vc_column][vc_row_inner css=&#8221;.vc_custom_1659582420461{background: #183b56 url(https:\/\/htiservices.vn\/wp-content\/uploads\/2022\/08\/contact-bg.jpeg?id=1870) !important;background-position: center !important;background-repeat: no-repeat !important;background-size: cover !important;}&#8221; el_class=&#8221;gt010&#8243;][vc_column_inner][vc_column_text css_animation=&#8221;fadeInUp&#8221; el_class=&#8221;gt011 wt&#8221;]<\/p>\n<h1 style=\"text-align: center;\">CONTACT<\/h1>\n<p style=\"text-align: center;\">Contact us via direct address or via hotline: 092.8765.688<\/p>\n<p>[\/vc_column_text][\/vc_column_inner][\/vc_row_inner][\/vc_column][\/vc_row][vc_row gap=&#8221;30&#8243; equal_height=&#8221;yes&#8221; content_placement=&#8221;middle&#8221; wrap_container=&#8221;yes&#8221; el_class=&#8221;lhe01&#8243;][vc_column width=&#8221;1\/2&#8243;][vc_column_text css_animation=&#8221;fadeInUp&#8221; el_class=&#8221;lhe011&#8243;]<iframe loading=\"lazy\" style=\"border: 0;\" src=\"https:\/\/www.google.com\/maps\/embed?pb=!1m18!1m12!1m3!1d3723.965457425836!2d105.76812641533664!3d21.034068092971907!2m3!1f0!2f0!3f0!3m2!1i1024!2i768!4f13.1!3m3!1m2!1s0x31345560b9337dab%3A0x5c186f3d20194e7e!2zVGFUaGFuaCBEYXRhIC0gVHJ1bmcgdMOibSBk4buLY2ggduG7pSB2w6AgaOG7lyB0cuG7oyBr4bu5IHRodeG6rXQgSFRJ!5e0!3m2!1svi!2s!4v1659582454829!5m2!1svi!2s\" width=\"100%\" height=\"450\" allowfullscreen=\"allowfullscreen\"><\/iframe>[\/vc_column_text][\/vc_column][vc_column width=&#8221;1\/2&#8243;][vc_column_text css_animation=&#8221;fadeInUp&#8221; css=&#8221;&#8221; el_class=&#8221;tieude-left footer012 lhe012&#8243;]<\/p>\n<h2><strong>HTI Services<\/strong><\/h2>\n<p style=\"text-align: justify;\">HTI Services &#8211; A member of HTI Group<\/p>\n<p><img loading=\"lazy\" decoding=\"async\" class=\"alignnone size-full wp-image-1750\" src=\"https:\/\/htiservices.vn\/wp-content\/uploads\/2017\/01\/map.svg\" alt=\"\" width=\"16\" height=\"20\" \/> <span class=\"fontstyle0\">Hanoi Head Office: 12F-VP2, Sun Square Building, 21 Le Duc Tho street, Tu Liem ward, Hanoi, Vietnam<\/span><\/p>\n<p><img loading=\"lazy\" decoding=\"async\" class=\"alignnone size-full wp-image-1750\" src=\"https:\/\/htiservices.vn\/wp-content\/uploads\/2017\/01\/map.svg\" alt=\"\" width=\"16\" height=\"20\" \/> Da Nang Branch: Block C &#8211; 2nd Floor &#8211; Da Nang Software Park Building, 02 Quang Trung Street, Hai Chau Ward, Da Nang City<\/p>\n<p><img loading=\"lazy\" decoding=\"async\" class=\"alignnone size-full wp-image-1750\" src=\"https:\/\/htiservices.vn\/wp-content\/uploads\/2017\/01\/map.svg\" alt=\"\" width=\"16\" height=\"20\" \/> Ho Chi Minh Branch: 203A Vo Thi Sau street, Xuan Hoa ward, Ho Chi Minh City, Vietnam<\/p>\n<p><img loading=\"lazy\" decoding=\"async\" class=\"alignnone size-full wp-image-1749\" src=\"https:\/\/htiservices.vn\/wp-content\/uploads\/2017\/01\/mobile.svg\" alt=\"\" width=\"14\" height=\"22\" \/> Hotline: <a href=\"tel:0928765688\">092.8765.688<\/a><\/p>\n<p><img loading=\"lazy\" decoding=\"async\" class=\"alignnone size-full wp-image-1748\" src=\"https:\/\/htiservices.vn\/wp-content\/uploads\/2017\/01\/message.svg\" alt=\"\" width=\"22\" height=\"16\" \/> Email: <a href=\"mailto:htiservices@htigroup.vn\" target=\"_blank\" rel=\"noopener\">htiservices@htigroup.vn<\/a><\/p>\n<p><img loading=\"lazy\" decoding=\"async\" class=\"alignnone size-full wp-image-1747\" src=\"https:\/\/htiservices.vn\/wp-content\/uploads\/2017\/01\/time.svg\" alt=\"\" width=\"22\" height=\"22\" \/> Working hour: 8:30AM \u2013 17:30PM on Monday &#8211; Friday,\u00a0 8:30AM \u2013 12PM on Saturday, Sunday off[\/vc_column_text][\/vc_column][\/vc_row][vc_row full_width=&#8221;stretch_row&#8221; wrap_container=&#8221;yes&#8221; el_class=&#8221;lhe02&#8243; css=&#8221;.vc_custom_1659583671368{background-image: url(https:\/\/htiservices.vn\/wp-content\/uploads\/2022\/07\/sl01-bg-min.jpeg?id=1715) !important;background-position: center !important;background-repeat: no-repeat !important;background-size: cover !important;}&#8221;][vc_column width=&#8221;1\/6&#8243;][\/vc_column][vc_column width=&#8221;2\/3&#8243;][dhvc_form id=&#8221;1476&#8243;][\/vc_column][vc_column width=&#8221;1\/6&#8243;][\/vc_column][\/vc_row]<\/p>\n<\/div>","protected":false},"excerpt":{"rendered":"<p>[vc_row content_placement=&#8221;middle&#8221; wrap_container=&#8221;yes&#8221; animation_delay=&#8221;100&#8243; el_class=&#8221;gt01&#8243; animation_type=&#8221;fadeIn&#8221;][vc_column][vc_row_inner css=&#8221;.vc_custom_1659582420461{background: #183b56 url(https:\/\/htiservices.vn\/wp-content\/uploads\/2022\/08\/contact-bg.jpeg?id=1870) !important;background-position: center !important;background-repeat: no-repeat !important;background-size: cover !important;}&#8221; el_class=&#8221;gt010&#8243;][vc_column_inner][vc_column_text css_animation=&#8221;fadeInUp&#8221; el_class=&#8221;gt011 wt&#8221;] CONTACT Contact us via direct address or via hotline: 092.8765.688 [\/vc_column_text][\/vc_column_inner][\/vc_row_inner][\/vc_column][\/vc_row][vc_row gap=&#8221;30&#8243; equal_height=&#8221;yes&#8221; content_placement=&#8221;middle&#8221; wrap_container=&#8221;yes&#8221; el_class=&#8221;lhe01&#8243;][vc_column width=&#8221;1\/2&#8243;][vc_column_text css_animation=&#8221;fadeInUp&#8221; el_class=&#8221;lhe011&#8243;][\/vc_column_text][\/vc_column][vc_column width=&#8221;1\/2&#8243;][vc_column_text css_animation=&#8221;fadeInUp&#8221; css=&#8221;&#8221; el_class=&#8221;tieude-left footer012 lhe012&#8243;] HTI Services HTI Services &#8211; A member of HTI Group [&hellip;]<\/p>\n","protected":false},"author":1,"featured_media":0,"parent":0,"menu_order":0,"comment_status":"closed","ping_status":"closed","template":"","meta":{"inline_featured_image":false,"footnotes":""},"class_list":["post-1422","page","type-page","status-publish","hentry"],"yoast_head":"<!-- This site is optimized with the Yoast SEO plugin v27.4 - https:\/\/yoast.com\/product\/yoast-seo-wordpress\/ -->\n<title>Contact - htiservices.vn<\/title>\n<meta name=\"description\" content=\"HTI Services - A member of HTI Group. Head Office: 15 Floor-VP2, Sun Square Building, 21 Le Duc Tho Street, My Dinh 2 Ward,...\" \/>\n<meta name=\"robots\" content=\"index, follow, max-snippet:-1, max-image-preview:large, max-video-preview:-1\" \/>\n<link rel=\"canonical\" href=\"https:\/\/htiservices.vn\/en\/contact\/\" \/>\n<meta property=\"og:locale\" content=\"en_US\" \/>\n<meta property=\"og:type\" content=\"article\" \/>\n<meta property=\"og:title\" content=\"Li\u00ean h\u1ec7 - HTI Services\" \/>\n<meta property=\"og:description\" content=\"HTI Services l\u00e0 C\u00f4ng ty th\u00e0nh vi\u00ean tr\u1ef1c thu\u1ed9c HTI Group. Tr\u1ee5 s\u1edf H\u00e0 N\u1ed9i: T\u1ea7ng 15 \u2013 VP2, T\u00f2a nh\u00e0 Sun Square, 21 L\u00ea \u0110\u1ee9c Th\u1ecd, Nam T\u1eeb Li\u00eam, H\u00e0 N\u1ed9i\" \/>\n<meta property=\"og:url\" content=\"https:\/\/htiservices.vn\/en\/contact\/\" \/>\n<meta property=\"og:site_name\" content=\"htiservices.vn\" \/>\n<meta property=\"article:modified_time\" content=\"2026-01-27T04:04:53+00:00\" \/>\n<meta property=\"og:image\" content=\"https:\/\/htiservices.vn\/wp-content\/uploads\/2022\/08\/banner-contact-min.jpeg\" \/>\n\t<meta property=\"og:image:width\" content=\"547\" \/>\n\t<meta property=\"og:image:height\" content=\"542\" \/>\n\t<meta property=\"og:image:type\" content=\"image\/jpeg\" \/>\n<meta name=\"twitter:card\" content=\"summary_large_image\" \/>\n<meta name=\"twitter:label1\" content=\"Est. reading time\" \/>\n\t<meta name=\"twitter:data1\" content=\"1 minute\" \/>\n<script type=\"application\/ld+json\" class=\"yoast-schema-graph\">{\"@context\":\"https:\\\/\\\/schema.org\",\"@graph\":[{\"@type\":\"WebPage\",\"@id\":\"https:\\\/\\\/htiservices.vn\\\/en\\\/contact\\\/\",\"url\":\"https:\\\/\\\/htiservices.vn\\\/en\\\/contact\\\/\",\"name\":\"Contact - htiservices.vn\",\"isPartOf\":{\"@id\":\"\\\/#website\"},\"primaryImageOfPage\":{\"@id\":\"https:\\\/\\\/htiservices.vn\\\/en\\\/contact\\\/#primaryimage\"},\"image\":{\"@id\":\"https:\\\/\\\/htiservices.vn\\\/en\\\/contact\\\/#primaryimage\"},\"thumbnailUrl\":\"https:\\\/\\\/htiservices.vn\\\/wp-content\\\/uploads\\\/2017\\\/01\\\/map.svg\",\"datePublished\":\"2021-10-13T10:30:58+00:00\",\"dateModified\":\"2026-01-27T04:04:53+00:00\",\"description\":\"HTI Services - A member of HTI Group. Head Office: 15 Floor-VP2, Sun Square Building, 21 Le Duc Tho Street, My Dinh 2 Ward,...\",\"breadcrumb\":{\"@id\":\"https:\\\/\\\/htiservices.vn\\\/en\\\/contact\\\/#breadcrumb\"},\"inLanguage\":\"en-US\",\"potentialAction\":[{\"@type\":\"ReadAction\",\"target\":[\"https:\\\/\\\/htiservices.vn\\\/en\\\/contact\\\/\"]}]},{\"@type\":\"ImageObject\",\"inLanguage\":\"en-US\",\"@id\":\"https:\\\/\\\/htiservices.vn\\\/en\\\/contact\\\/#primaryimage\",\"url\":\"https:\\\/\\\/htiservices.vn\\\/wp-content\\\/uploads\\\/2017\\\/01\\\/map.svg\",\"contentUrl\":\"https:\\\/\\\/htiservices.vn\\\/wp-content\\\/uploads\\\/2017\\\/01\\\/map.svg\"},{\"@type\":\"BreadcrumbList\",\"@id\":\"https:\\\/\\\/htiservices.vn\\\/en\\\/contact\\\/#breadcrumb\",\"itemListElement\":[{\"@type\":\"ListItem\",\"position\":1,\"name\":\"Trang ch\u1ee7\",\"item\":\"https:\\\/\\\/htiservices.vn\\\/en\\\/\"},{\"@type\":\"ListItem\",\"position\":2,\"name\":\"Contact\"}]},{\"@type\":\"WebSite\",\"@id\":\"\\\/#website\",\"url\":\"\\\/\",\"name\":\"HTI Services\",\"description\":\"htiservices.vn\",\"publisher\":{\"@id\":\"\\\/#organization\"},\"potentialAction\":[{\"@type\":\"SearchAction\",\"target\":{\"@type\":\"EntryPoint\",\"urlTemplate\":\"\\\/?s={search_term_string}\"},\"query-input\":{\"@type\":\"PropertyValueSpecification\",\"valueRequired\":true,\"valueName\":\"search_term_string\"}}],\"inLanguage\":\"en-US\"},{\"@type\":\"Organization\",\"@id\":\"\\\/#organization\",\"name\":\"HTI Services\",\"url\":\"\\\/\",\"logo\":{\"@type\":\"ImageObject\",\"inLanguage\":\"en-US\",\"@id\":\"\\\/#\\\/schema\\\/logo\\\/image\\\/\",\"url\":\"https:\\\/\\\/htiservices.vn\\\/wp-content\\\/uploads\\\/2022\\\/07\\\/logo-1.svg\",\"contentUrl\":\"https:\\\/\\\/htiservices.vn\\\/wp-content\\\/uploads\\\/2022\\\/07\\\/logo-1.svg\",\"width\":110,\"height\":48,\"caption\":\"HTI Services\"},\"image\":{\"@id\":\"\\\/#\\\/schema\\\/logo\\\/image\\\/\"}}]}<\/script>\n<!-- \/ Yoast SEO plugin. -->","yoast_head_json":{"title":"Contact - htiservices.vn","description":"HTI Services - A member of HTI Group. Head Office: 15 Floor-VP2, Sun Square Building, 21 Le Duc Tho Street, My Dinh 2 Ward,...","robots":{"index":"index","follow":"follow","max-snippet":"max-snippet:-1","max-image-preview":"max-image-preview:large","max-video-preview":"max-video-preview:-1"},"canonical":"https:\/\/htiservices.vn\/en\/contact\/","og_locale":"en_US","og_type":"article","og_title":"Li\u00ean h\u1ec7 - HTI Services","og_description":"HTI Services l\u00e0 C\u00f4ng ty th\u00e0nh vi\u00ean tr\u1ef1c thu\u1ed9c HTI Group. Tr\u1ee5 s\u1edf H\u00e0 N\u1ed9i: T\u1ea7ng 15 \u2013 VP2, T\u00f2a nh\u00e0 Sun Square, 21 L\u00ea \u0110\u1ee9c Th\u1ecd, Nam T\u1eeb Li\u00eam, H\u00e0 N\u1ed9i","og_url":"https:\/\/htiservices.vn\/en\/contact\/","og_site_name":"htiservices.vn","article_modified_time":"2026-01-27T04:04:53+00:00","og_image":[{"width":547,"height":542,"url":"https:\/\/htiservices.vn\/wp-content\/uploads\/2022\/08\/banner-contact-min.jpeg","type":"image\/jpeg"}],"twitter_card":"summary_large_image","twitter_misc":{"Est. reading time":"1 minute"},"schema":{"@context":"https:\/\/schema.org","@graph":[{"@type":"WebPage","@id":"https:\/\/htiservices.vn\/en\/contact\/","url":"https:\/\/htiservices.vn\/en\/contact\/","name":"Contact - htiservices.vn","isPartOf":{"@id":"\/#website"},"primaryImageOfPage":{"@id":"https:\/\/htiservices.vn\/en\/contact\/#primaryimage"},"image":{"@id":"https:\/\/htiservices.vn\/en\/contact\/#primaryimage"},"thumbnailUrl":"https:\/\/htiservices.vn\/wp-content\/uploads\/2017\/01\/map.svg","datePublished":"2021-10-13T10:30:58+00:00","dateModified":"2026-01-27T04:04:53+00:00","description":"HTI Services - A member of HTI Group. Head Office: 15 Floor-VP2, Sun Square Building, 21 Le Duc Tho Street, My Dinh 2 Ward,...","breadcrumb":{"@id":"https:\/\/htiservices.vn\/en\/contact\/#breadcrumb"},"inLanguage":"en-US","potentialAction":[{"@type":"ReadAction","target":["https:\/\/htiservices.vn\/en\/contact\/"]}]},{"@type":"ImageObject","inLanguage":"en-US","@id":"https:\/\/htiservices.vn\/en\/contact\/#primaryimage","url":"https:\/\/htiservices.vn\/wp-content\/uploads\/2017\/01\/map.svg","contentUrl":"https:\/\/htiservices.vn\/wp-content\/uploads\/2017\/01\/map.svg"},{"@type":"BreadcrumbList","@id":"https:\/\/htiservices.vn\/en\/contact\/#breadcrumb","itemListElement":[{"@type":"ListItem","position":1,"name":"Trang ch\u1ee7","item":"https:\/\/htiservices.vn\/en\/"},{"@type":"ListItem","position":2,"name":"Contact"}]},{"@type":"WebSite","@id":"\/#website","url":"\/","name":"HTI Services","description":"htiservices.vn","publisher":{"@id":"\/#organization"},"potentialAction":[{"@type":"SearchAction","target":{"@type":"EntryPoint","urlTemplate":"\/?s={search_term_string}"},"query-input":{"@type":"PropertyValueSpecification","valueRequired":true,"valueName":"search_term_string"}}],"inLanguage":"en-US"},{"@type":"Organization","@id":"\/#organization","name":"HTI Services","url":"\/","logo":{"@type":"ImageObject","inLanguage":"en-US","@id":"\/#\/schema\/logo\/image\/","url":"https:\/\/htiservices.vn\/wp-content\/uploads\/2022\/07\/logo-1.svg","contentUrl":"https:\/\/htiservices.vn\/wp-content\/uploads\/2022\/07\/logo-1.svg","width":110,"height":48,"caption":"HTI Services"},"image":{"@id":"\/#\/schema\/logo\/image\/"}}]}},"_links":{"self":[{"href":"https:\/\/htiservices.vn\/en\/wp-json\/wp\/v2\/pages\/1422","targetHints":{"allow":["GET"]}}],"collection":[{"href":"https:\/\/htiservices.vn\/en\/wp-json\/wp\/v2\/pages"}],"about":[{"href":"https:\/\/htiservices.vn\/en\/wp-json\/wp\/v2\/types\/page"}],"author":[{"embeddable":true,"href":"https:\/\/htiservices.vn\/en\/wp-json\/wp\/v2\/users\/1"}],"replies":[{"embeddable":true,"href":"https:\/\/htiservices.vn\/en\/wp-json\/wp\/v2\/comments?post=1422"}],"version-history":[{"count":0,"href":"https:\/\/htiservices.vn\/en\/wp-json\/wp\/v2\/pages\/1422\/revisions"}],"wp:attachment":[{"href":"https:\/\/htiservices.vn\/en\/wp-json\/wp\/v2\/media?parent=1422"}],"curies":[{"name":"wp","href":"https:\/\/api.w.org\/{rel}","templated":true}]}}